{"id":190,"date":"2016-09-18T10:13:37","date_gmt":"2016-09-18T10:13:37","guid":{"rendered":"http:\/\/werkstatt.fuelthemes.net\/werkstatt-architecture\/?page_id=190"},"modified":"2017-07-28T12:46:22","modified_gmt":"2017-07-28T12:46:22","slug":"servicios","status":"publish","type":"page","link":"https:\/\/cyrop.com\/?page_id=190","title":{"rendered":"Servicios"},"content":{"rendered":"<div class=\"wpb-content-wrapper\"><p>[vc_row el_class=&#8221;align-center&#8221; css=&#8221;.vc_custom_1474306346779{padding-top: 120px !important;padding-bottom: 30px !important;}&#8221;][vc_column offset=&#8221;vc_col-lg-7 vc_col-md-9&#8243;][vc_column_text]<\/p>\n<h2 style=\"text-align: center;\">*Desarrollamos conceptos s\u00f3lidos, en un marco de comunicaci\u00f3n coherente y efectiva para apoyar las marcas y servicios de nuestros clientes.*<\/h2>\n<p>[\/vc_column_text][\/vc_column][\/vc_row][vc_row][vc_column width=&#8221;1\/2&#8243;][thb_image image=&#8221;590&#8243;][\/vc_column][vc_column width=&#8221;1\/2&#8243;][vc_empty_space][vc_column_text]A\u00f1os de experiencia en las \u00e1reas de comunicaci\u00f3n y publicidad nos permiten brindar soluciones con alto valor agregado ajustadas a las necesidades de cada proyecto.<\/p>\n<p>Nuestro compromiso es trabajar junto al cliente, generando materiales y acciones que valoricen la marca o servicio a promocionar.<\/p>\n<ul>\n<li>Identidad visual<\/li>\n<li>Branding<\/li>\n<li>Dise\u00f1o editorial<\/li>\n<li>Packaging<\/li>\n<li>Ilustraci\u00f3n<\/li>\n<li>P\u00e1ginas web<\/li>\n<li>Medios digitales<\/li>\n<\/ul>\n<p>[\/vc_column_text][\/vc_column][\/vc_row]<\/p>\n<\/div>","protected":false},"excerpt":{"rendered":"<p>[vc_row el_class=&#8221;align-center&#8221; css=&#8221;.vc_custom_1474306346779{padding-top: 120px !important;padding-bottom: 30px !important;}&#8221;][vc_column offset=&#8221;vc_col-lg-7 vc_col-md-9&#8243;][vc_column_text] *Desarrollamos conceptos s\u00f3lidos, en un marco de comunicaci\u00f3n coherente y efectiva para apoyar las marcas y servicios de nuestros clientes.* [\/vc_column_text][\/vc_column][\/vc_row][vc_row][vc_column width=&#8221;1\/2&#8243;][thb_image image=&#8221;590&#8243;][\/vc_column][vc_column width=&#8221;1\/2&#8243;][vc_empty_space][vc_column_text]A\u00f1os de experiencia en las \u00e1reas de comunicaci\u00f3n y publicidad nos permiten brindar soluciones con alto valor agregado ajustadas a las necesidades de [&hellip;]<\/p>\n","protected":false},"author":5,"featured_media":587,"parent":0,"menu_order":0,"comment_status":"closed","ping_status":"closed","template":"","meta":{"footnotes":""},"class_list":["post-190","page","type-page","status-publish","has-post-thumbnail","hentry"],"_links":{"self":[{"href":"https:\/\/cyrop.com\/index.php?rest_route=\/wp\/v2\/pages\/190","targetHints":{"allow":["GET"]}}],"collection":[{"href":"https:\/\/cyrop.com\/index.php?rest_route=\/wp\/v2\/pages"}],"about":[{"href":"https:\/\/cyrop.com\/index.php?rest_route=\/wp\/v2\/types\/page"}],"author":[{"embeddable":true,"href":"https:\/\/cyrop.com\/index.php?rest_route=\/wp\/v2\/users\/5"}],"replies":[{"embeddable":true,"href":"https:\/\/cyrop.com\/index.php?rest_route=%2Fwp%2Fv2%2Fcomments&post=190"}],"version-history":[{"count":18,"href":"https:\/\/cyrop.com\/index.php?rest_route=\/wp\/v2\/pages\/190\/revisions"}],"predecessor-version":[{"id":662,"href":"https:\/\/cyrop.com\/index.php?rest_route=\/wp\/v2\/pages\/190\/revisions\/662"}],"wp:featuredmedia":[{"embeddable":true,"href":"https:\/\/cyrop.com\/index.php?rest_route=\/wp\/v2\/media\/587"}],"wp:attachment":[{"href":"https:\/\/cyrop.com\/index.php?rest_route=%2Fwp%2Fv2%2Fmedia&parent=190"}],"curies":[{"name":"wp","href":"https:\/\/api.w.org\/{rel}","templated":true}]}}