{"id":942,"date":"2024-02-15T15:50:51","date_gmt":"2024-02-15T15:50:51","guid":{"rendered":"https:\/\/cyrop.com\/?page_id=942"},"modified":"2024-11-21T17:23:03","modified_gmt":"2024-11-21T17:23:03","slug":"home-2024","status":"publish","type":"page","link":"https:\/\/cyrop.com\/","title":{"rendered":"Home"},"content":{"rendered":"\t\t<div data-elementor-type=\"wp-page\" data-elementor-id=\"942\" class=\"elementor elementor-942\" data-elementor-post-type=\"page\">\n\t\t\t\t<div class=\"elementor-element elementor-element-f35cc98 e-con-full e-flex e-con e-parent\" data-id=\"f35cc98\" data-element_type=\"container\">\n\t\t\t\t<div class=\"elementor-element elementor-element-886b81e elementor-widget__width-inherit elementor-widget elementor-widget-video\" data-id=\"886b81e\" data-element_type=\"widget\" data-settings=\"{&quot;video_type&quot;:&quot;hosted&quot;,&quot;autoplay&quot;:&quot;yes&quot;,&quot;play_on_mobile&quot;:&quot;yes&quot;,&quot;mute&quot;:&quot;yes&quot;,&quot;loop&quot;:&quot;yes&quot;}\" data-widget_type=\"video.default\">\n\t\t\t\t<div class=\"elementor-widget-container\">\n\t\t\t\t\t\t\t<div class=\"e-hosted-video elementor-wrapper elementor-open-inline\">\n\t\t\t\t\t<video class=\"elementor-video\" src=\"https:\/\/cyrop.com\/site\/wp-content\/uploads\/2024\/02\/video-home2.mp4\" autoplay=\"\" loop=\"\" muted=\"muted\" playsinline=\"\" controlsList=\"nodownload\"><\/video>\n\t\t\t\t<\/div>\n\t\t\t\t\t\t<\/div>\n\t\t\t\t<\/div>\n\t\t\t\t<\/div>\n\t\t<div class=\"elementor-element elementor-element-4a187c7 e-con-full e-flex e-con e-parent\" data-id=\"4a187c7\" data-element_type=\"container\" data-settings=\"{&quot;background_background&quot;:&quot;classic&quot;}\">\n\t\t<div class=\"elementor-element elementor-element-56f190c e-con-full e-flex e-con e-child\" data-id=\"56f190c\" data-element_type=\"container\" data-settings=\"{&quot;background_background&quot;:&quot;classic&quot;}\">\n\t\t\t\t<div class=\"elementor-element elementor-element-32755d4 elementor-widget elementor-widget-text-editor\" data-id=\"32755d4\" data-element_type=\"widget\" data-widget_type=\"text-editor.default\">\n\t\t\t\t<div class=\"elementor-widget-container\">\n\t\t\t\t\t\t\t\t\t<h2>Trabajamos<strong> junto a nuestros clientes para brindar en tiempo las soluciones m\u00e1s adecuadas a cada proyecto.<\/strong><\/h2><div id=\"sconnect-is-installed\" style=\"display: none;\">2.15.1.0<\/div><div id=\"sconnect-is-installed\" style=\"display: none;\">2.15.1.0<\/div><div id=\"sconnect-is-installed\" style=\"display: none;\">2.15.1.0<\/div><div id=\"sconnect-is-installed\" style=\"display: none;\">2.15.1.0<\/div>\t\t\t\t\t\t\t\t<\/div>\n\t\t\t\t<\/div>\n\t\t\t\t<\/div>\n\t\t<div class=\"elementor-element elementor-element-15ea6e1 e-con-full e-flex e-con e-child\" data-id=\"15ea6e1\" data-element_type=\"container\" data-settings=\"{&quot;background_background&quot;:&quot;classic&quot;}\">\n\t\t\t\t<div class=\"elementor-element elementor-element-331605c elementor-widget elementor-widget-text-editor\" data-id=\"331605c\" data-element_type=\"widget\" data-widget_type=\"text-editor.default\">\n\t\t\t\t<div class=\"elementor-widget-container\">\n\t\t\t\t\t\t\t\t\t<p>Dise\u00f1amos con un enfoque centrado en las personas, buscando optimizar la experiencia del usuario, en un proceso sistem\u00e1tico e iterativo, para dar soluciones creativas con valor a\u00f1adido que sean factibles tecnol\u00f3gicamente y viables financieramente.<\/p><div id=\"sconnect-is-installed\" style=\"display: none;\">2.15.1.0<\/div>\t\t\t\t\t\t\t\t<\/div>\n\t\t\t\t<\/div>\n\t\t\t\t<\/div>\n\t\t\t\t<\/div>\n\t\t<div class=\"elementor-element elementor-element-b5f68fb e-flex e-con-boxed e-con e-parent\" data-id=\"b5f68fb\" data-element_type=\"container\">\n\t\t\t\t\t<div class=\"e-con-inner\">\n\t\t<div class=\"elementor-element elementor-element-d693088 e-con-full e-flex e-con e-child\" data-id=\"d693088\" data-element_type=\"container\">\n\t\t\t\t<div class=\"elementor-element elementor-element-bc4ecbd elementor-view-framed elementor-shape-circle elementor-widget elementor-widget-icon\" data-id=\"bc4ecbd\" data-element_type=\"widget\" data-widget_type=\"icon.default\">\n\t\t\t\t<div class=\"elementor-widget-container\">\n\t\t\t\t\t\t\t<div class=\"elementor-icon-wrapper\">\n\t\t\t<a class=\"elementor-icon elementor-animation-pop\" href=\"https:\/\/cyrop.com\/?page_id=1166\">\n\t\t\t<svg aria-hidden=\"true\" class=\"e-font-icon-svg e-far-eye\" viewBox=\"0 0 576 512\" xmlns=\"http:\/\/www.w3.org\/2000\/svg\"><path d=\"M288 144a110.94 110.94 0 0 0-31.24 5 55.4 55.4 0 0 1 7.24 27 56 56 0 0 1-56 56 55.4 55.4 0 0 1-27-7.24A111.71 111.71 0 1 0 288 144zm284.52 97.4C518.29 135.59 410.93 64 288 64S57.68 135.64 3.48 241.41a32.35 32.35 0 0 0 0 29.19C57.71 376.41 165.07 448 288 448s230.32-71.64 284.52-177.41a32.35 32.35 0 0 0 0-29.19zM288 400c-98.65 0-189.09-55-237.93-144C98.91 167 189.34 112 288 112s189.09 55 237.93 144C477.1 345 386.66 400 288 400z\"><\/path><\/svg>\t\t\t<\/a>\n\t\t<\/div>\n\t\t\t\t\t\t<\/div>\n\t\t\t\t<\/div>\n\t\t\t\t<div class=\"elementor-element elementor-element-0196e5a elementor-widget elementor-widget-heading\" data-id=\"0196e5a\" data-element_type=\"widget\" data-widget_type=\"heading.default\">\n\t\t\t\t<div class=\"elementor-widget-container\">\n\t\t\t\t\t<p class=\"elementor-heading-title elementor-size-default\">Identidad<\/p>\t\t\t\t<\/div>\n\t\t\t\t<\/div>\n\t\t\t\t<\/div>\n\t\t<div class=\"elementor-element elementor-element-ecedbb3 e-con-full e-flex e-con e-child\" data-id=\"ecedbb3\" data-element_type=\"container\">\n\t\t\t\t<div class=\"elementor-element elementor-element-4e60776 elementor-view-framed elementor-shape-circle elementor-widget elementor-widget-icon\" data-id=\"4e60776\" data-element_type=\"widget\" data-widget_type=\"icon.default\">\n\t\t\t\t<div class=\"elementor-widget-container\">\n\t\t\t\t\t\t\t<div class=\"elementor-icon-wrapper\">\n\t\t\t<div class=\"elementor-icon elementor-animation-pop\">\n\t\t\t<svg aria-hidden=\"true\" class=\"e-font-icon-svg e-fab-unity\" viewBox=\"0 0 576 512\" xmlns=\"http:\/\/www.w3.org\/2000\/svg\"><path d=\"M498.11,206.4,445.31,14.72,248.2,66.08,219,116.14l-59.2-.43L15.54,256,159.82,396.32l59.17-.43,29.24,50,197.08,51.36,52.8-191.62-30-49.63ZM223.77,124.2,374.55,86.51,288,232.33H114.87Zm0,263.63L114.87,279.71H288l86.55,145.81Zm193,14L330.17,256l86.58-145.84L458.56,256Z\"><\/path><\/svg>\t\t\t<\/div>\n\t\t<\/div>\n\t\t\t\t\t\t<\/div>\n\t\t\t\t<\/div>\n\t\t\t\t<div class=\"elementor-element elementor-element-92eb311 elementor-widget elementor-widget-heading\" data-id=\"92eb311\" data-element_type=\"widget\" data-widget_type=\"heading.default\">\n\t\t\t\t<div class=\"elementor-widget-container\">\n\t\t\t\t\t<p class=\"elementor-heading-title elementor-size-default\">Branding<\/p>\t\t\t\t<\/div>\n\t\t\t\t<\/div>\n\t\t\t\t<\/div>\n\t\t<div class=\"elementor-element elementor-element-de24342 e-con-full e-flex e-con e-child\" data-id=\"de24342\" data-element_type=\"container\">\n\t\t\t\t<div class=\"elementor-element elementor-element-bfb1efd elementor-view-framed elementor-shape-circle elementor-widget elementor-widget-icon\" data-id=\"bfb1efd\" data-element_type=\"widget\" data-widget_type=\"icon.default\">\n\t\t\t\t<div class=\"elementor-widget-container\">\n\t\t\t\t\t\t\t<div class=\"elementor-icon-wrapper\">\n\t\t\t<div class=\"elementor-icon elementor-animation-pop\">\n\t\t\t<svg aria-hidden=\"true\" class=\"e-font-icon-svg e-fas-box-open\" viewBox=\"0 0 640 512\" xmlns=\"http:\/\/www.w3.org\/2000\/svg\"><path d=\"M425.7 256c-16.9 0-32.8-9-41.4-23.4L320 126l-64.2 106.6c-8.7 14.5-24.6 23.5-41.5 23.5-4.5 0-9-.6-13.3-1.9L64 215v178c0 14.7 10 27.5 24.2 31l216.2 54.1c10.2 2.5 20.9 2.5 31 0L551.8 424c14.2-3.6 24.2-16.4 24.2-31V215l-137 39.1c-4.3 1.3-8.8 1.9-13.3 1.9zm212.6-112.2L586.8 41c-3.1-6.2-9.8-9.8-16.7-8.9L320 64l91.7 152.1c3.8 6.3 11.4 9.3 18.5 7.3l197.9-56.5c9.9-2.9 14.7-13.9 10.2-23.1zM53.2 41L1.7 143.8c-4.6 9.2.3 20.2 10.1 23l197.9 56.5c7.1 2 14.7-1 18.5-7.3L320 64 69.8 32.1c-6.9-.8-13.5 2.7-16.6 8.9z\"><\/path><\/svg>\t\t\t<\/div>\n\t\t<\/div>\n\t\t\t\t\t\t<\/div>\n\t\t\t\t<\/div>\n\t\t\t\t<div class=\"elementor-element elementor-element-5a8bbbb elementor-widget elementor-widget-heading\" data-id=\"5a8bbbb\" data-element_type=\"widget\" data-widget_type=\"heading.default\">\n\t\t\t\t<div class=\"elementor-widget-container\">\n\t\t\t\t\t<p class=\"elementor-heading-title elementor-size-default\">Packaging<\/p>\t\t\t\t<\/div>\n\t\t\t\t<\/div>\n\t\t\t\t<\/div>\n\t\t<div class=\"elementor-element elementor-element-156ac3d e-con-full e-flex e-con e-child\" data-id=\"156ac3d\" data-element_type=\"container\">\n\t\t\t\t<div class=\"elementor-element elementor-element-546896b elementor-view-framed elementor-shape-circle elementor-widget elementor-widget-icon\" data-id=\"546896b\" data-element_type=\"widget\" data-widget_type=\"icon.default\">\n\t\t\t\t<div class=\"elementor-widget-container\">\n\t\t\t\t\t\t\t<div class=\"elementor-icon-wrapper\">\n\t\t\t<div class=\"elementor-icon elementor-animation-pop\">\n\t\t\t<svg aria-hidden=\"true\" class=\"e-font-icon-svg e-fas-globe-americas\" viewBox=\"0 0 496 512\" xmlns=\"http:\/\/www.w3.org\/2000\/svg\"><path d=\"M248 8C111.03 8 0 119.03 0 256s111.03 248 248 248 248-111.03 248-248S384.97 8 248 8zm82.29 357.6c-3.9 3.88-7.99 7.95-11.31 11.28-2.99 3-5.1 6.7-6.17 10.71-1.51 5.66-2.73 11.38-4.77 16.87l-17.39 46.85c-13.76 3-28 4.69-42.65 4.69v-27.38c1.69-12.62-7.64-36.26-22.63-51.25-6-6-9.37-14.14-9.37-22.63v-32.01c0-11.64-6.27-22.34-16.46-27.97-14.37-7.95-34.81-19.06-48.81-26.11-11.48-5.78-22.1-13.14-31.65-21.75l-.8-.72a114.792 114.792 0 0 1-18.06-20.74c-9.38-13.77-24.66-36.42-34.59-51.14 20.47-45.5 57.36-82.04 103.2-101.89l24.01 12.01C203.48 89.74 216 82.01 216 70.11v-11.3c7.99-1.29 16.12-2.11 24.39-2.42l28.3 28.3c6.25 6.25 6.25 16.38 0 22.63L264 112l-10.34 10.34c-3.12 3.12-3.12 8.19 0 11.31l4.69 4.69c3.12 3.12 3.12 8.19 0 11.31l-8 8a8.008 8.008 0 0 1-5.66 2.34h-8.99c-2.08 0-4.08.81-5.58 2.27l-9.92 9.65a8.008 8.008 0 0 0-1.58 9.31l15.59 31.19c2.66 5.32-1.21 11.58-7.15 11.58h-5.64c-1.93 0-3.79-.7-5.24-1.96l-9.28-8.06a16.017 16.017 0 0 0-15.55-3.1l-31.17 10.39a11.95 11.95 0 0 0-8.17 11.34c0 4.53 2.56 8.66 6.61 10.69l11.08 5.54c9.41 4.71 19.79 7.16 30.31 7.16s22.59 27.29 32 32h66.75c8.49 0 16.62 3.37 22.63 9.37l13.69 13.69a30.503 30.503 0 0 1 8.93 21.57 46.536 46.536 0 0 1-13.72 32.98zM417 274.25c-5.79-1.45-10.84-5-14.15-9.97l-17.98-26.97a23.97 23.97 0 0 1 0-26.62l19.59-29.38c2.32-3.47 5.5-6.29 9.24-8.15l12.98-6.49C440.2 193.59 448 223.87 448 256c0 8.67-.74 17.16-1.82 25.54L417 274.25z\"><\/path><\/svg>\t\t\t<\/div>\n\t\t<\/div>\n\t\t\t\t\t\t<\/div>\n\t\t\t\t<\/div>\n\t\t\t\t<div class=\"elementor-element elementor-element-1a53f46 elementor-widget elementor-widget-heading\" data-id=\"1a53f46\" data-element_type=\"widget\" data-widget_type=\"heading.default\">\n\t\t\t\t<div class=\"elementor-widget-container\">\n\t\t\t\t\t<p class=\"elementor-heading-title elementor-size-default\">Sitios web<\/p>\t\t\t\t<\/div>\n\t\t\t\t<\/div>\n\t\t\t\t<\/div>\n\t\t<div class=\"elementor-element elementor-element-50e376e e-con-full e-flex e-con e-child\" data-id=\"50e376e\" data-element_type=\"container\">\n\t\t\t\t<div class=\"elementor-element elementor-element-dee5bbb elementor-view-framed elementor-shape-circle elementor-widget elementor-widget-icon\" data-id=\"dee5bbb\" data-element_type=\"widget\" data-widget_type=\"icon.default\">\n\t\t\t\t<div class=\"elementor-widget-container\">\n\t\t\t\t\t\t\t<div class=\"elementor-icon-wrapper\">\n\t\t\t<div class=\"elementor-icon elementor-animation-pop\">\n\t\t\t<svg aria-hidden=\"true\" class=\"e-font-icon-svg e-fas-pencil-alt\" viewBox=\"0 0 512 512\" xmlns=\"http:\/\/www.w3.org\/2000\/svg\"><path d=\"M497.9 142.1l-46.1 46.1c-4.7 4.7-12.3 4.7-17 0l-111-111c-4.7-4.7-4.7-12.3 0-17l46.1-46.1c18.7-18.7 49.1-18.7 67.9 0l60.1 60.1c18.8 18.7 18.8 49.1 0 67.9zM284.2 99.8L21.6 362.4.4 483.9c-2.9 16.4 11.4 30.6 27.8 27.8l121.5-21.3 262.6-262.6c4.7-4.7 4.7-12.3 0-17l-111-111c-4.8-4.7-12.4-4.7-17.1 0zM124.1 339.9c-5.5-5.5-5.5-14.3 0-19.8l154-154c5.5-5.5 14.3-5.5 19.8 0s5.5 14.3 0 19.8l-154 154c-5.5 5.5-14.3 5.5-19.8 0zM88 424h48v36.3l-64.5 11.3-31.1-31.1L51.7 376H88v48z\"><\/path><\/svg>\t\t\t<\/div>\n\t\t<\/div>\n\t\t\t\t\t\t<\/div>\n\t\t\t\t<\/div>\n\t\t\t\t<div class=\"elementor-element elementor-element-67ca92f elementor-widget elementor-widget-heading\" data-id=\"67ca92f\" data-element_type=\"widget\" data-widget_type=\"heading.default\">\n\t\t\t\t<div class=\"elementor-widget-container\">\n\t\t\t\t\t<p class=\"elementor-heading-title elementor-size-default\">Ilustraci\u00f3n<\/p>\t\t\t\t<\/div>\n\t\t\t\t<\/div>\n\t\t\t\t<\/div>\n\t\t<div class=\"elementor-element elementor-element-3062252 e-con-full e-flex e-con e-child\" data-id=\"3062252\" data-element_type=\"container\">\n\t\t\t\t<div class=\"elementor-element elementor-element-418fa9d elementor-view-framed elementor-shape-circle elementor-widget elementor-widget-icon\" data-id=\"418fa9d\" data-element_type=\"widget\" data-widget_type=\"icon.default\">\n\t\t\t\t<div class=\"elementor-widget-container\">\n\t\t\t\t\t\t\t<div class=\"elementor-icon-wrapper\">\n\t\t\t<div class=\"elementor-icon elementor-animation-pop\">\n\t\t\t<svg aria-hidden=\"true\" class=\"e-font-icon-svg e-fab-instagram\" viewBox=\"0 0 448 512\" xmlns=\"http:\/\/www.w3.org\/2000\/svg\"><path d=\"M224.1 141c-63.6 0-114.9 51.3-114.9 114.9s51.3 114.9 114.9 114.9S339 319.5 339 255.9 287.7 141 224.1 141zm0 189.6c-41.1 0-74.7-33.5-74.7-74.7s33.5-74.7 74.7-74.7 74.7 33.5 74.7 74.7-33.6 74.7-74.7 74.7zm146.4-194.3c0 14.9-12 26.8-26.8 26.8-14.9 0-26.8-12-26.8-26.8s12-26.8 26.8-26.8 26.8 12 26.8 26.8zm76.1 27.2c-1.7-35.9-9.9-67.7-36.2-93.9-26.2-26.2-58-34.4-93.9-36.2-37-2.1-147.9-2.1-184.9 0-35.8 1.7-67.6 9.9-93.9 36.1s-34.4 58-36.2 93.9c-2.1 37-2.1 147.9 0 184.9 1.7 35.9 9.9 67.7 36.2 93.9s58 34.4 93.9 36.2c37 2.1 147.9 2.1 184.9 0 35.9-1.7 67.7-9.9 93.9-36.2 26.2-26.2 34.4-58 36.2-93.9 2.1-37 2.1-147.8 0-184.8zM398.8 388c-7.8 19.6-22.9 34.7-42.6 42.6-29.5 11.7-99.5 9-132.1 9s-102.7 2.6-132.1-9c-19.6-7.8-34.7-22.9-42.6-42.6-11.7-29.5-9-99.5-9-132.1s-2.6-102.7 9-132.1c7.8-19.6 22.9-34.7 42.6-42.6 29.5-11.7 99.5-9 132.1-9s102.7-2.6 132.1 9c19.6 7.8 34.7 22.9 42.6 42.6 11.7 29.5 9 99.5 9 132.1s2.7 102.7-9 132.1z\"><\/path><\/svg>\t\t\t<\/div>\n\t\t<\/div>\n\t\t\t\t\t\t<\/div>\n\t\t\t\t<\/div>\n\t\t\t\t<div class=\"elementor-element elementor-element-734c4be elementor-widget elementor-widget-heading\" data-id=\"734c4be\" data-element_type=\"widget\" data-widget_type=\"heading.default\">\n\t\t\t\t<div class=\"elementor-widget-container\">\n\t\t\t\t\t<p class=\"elementor-heading-title elementor-size-default\">Redes Sociales<\/p>\t\t\t\t<\/div>\n\t\t\t\t<\/div>\n\t\t\t\t<\/div>\n\t\t\t\t\t<\/div>\n\t\t\t\t<\/div>\n\t\t<div class=\"elementor-element elementor-element-779f282 e-flex e-con-boxed e-con e-parent\" data-id=\"779f282\" data-element_type=\"container\">\n\t\t\t\t\t<div class=\"e-con-inner\">\n\t\t<div class=\"elementor-element elementor-element-0f71a33 e-con-full e-flex e-con e-child\" data-id=\"0f71a33\" data-element_type=\"container\">\n\t\t\t\t<div class=\"elementor-element elementor-element-cf5d5cb elementor-widget elementor-widget-heading\" data-id=\"cf5d5cb\" data-element_type=\"widget\" data-widget_type=\"heading.default\">\n\t\t\t\t<div class=\"elementor-widget-container\">\n\t\t\t\t\t<h1 class=\"elementor-heading-title elementor-size-default\">Confiaron en nosotros:<\/h1>\t\t\t\t<\/div>\n\t\t\t\t<\/div>\n\t\t\t\t<\/div>\n\t\t<div class=\"elementor-element elementor-element-a6ec77a e-con-full e-flex e-con e-child\" data-id=\"a6ec77a\" data-element_type=\"container\">\n\t\t\t\t<div class=\"elementor-element elementor-element-09f2c9f elementor-widget elementor-widget-text-editor\" data-id=\"09f2c9f\" data-element_type=\"widget\" data-widget_type=\"text-editor.default\">\n\t\t\t\t<div class=\"elementor-widget-container\">\n\t\t\t\t\t\t\t\t\t<ul><li>Aborgama<\/li><li>Agrofood<\/li><li>ANCAP<\/li><li>Arauca Arquitectura<\/li><li>Asoc. de Qu\u00edmica y Farmacia del Uruguay<\/li><li>Beko<\/li><li>C\u00e1mara de la Industria Frigor\u00edfica<\/li><li>Consorcio Constructor Ferrocarril Central<\/li><li>Constructora Conami<\/li><li>Convertec<\/li><li>Dovela Arquitectura<\/li><li>DUCSA<\/li><li>Eco-yo<\/li><li>EIA- Ingenier\u00eda Ambiental<\/li><li>Escuela Freudiana de Montevideo<\/li><li>Evaluna<\/li><\/ul><div id=\"sconnect-is-installed\" style=\"display: none;\">2.15.1.0<\/div><div>\u00a0<\/div><div id=\"sconnect-is-installed\" style=\"display: none;\">2.15.1.0<\/div><div id=\"sconnect-is-installed\" style=\"display: none;\">2.15.1.0<\/div><div id=\"sconnect-is-installed\" style=\"display: none;\">2.15.1.0<\/div><div id=\"sconnect-is-installed\" style=\"display: none;\">2.15.1.0<\/div><div id=\"sconnect-is-installed\" style=\"display: none;\">2.15.1.0<\/div><div id=\"sconnect-is-installed\" style=\"display: none;\">2.15.1.0<\/div><div id=\"sconnect-is-installed\" style=\"display: none;\">2.15.1.0<\/div><div id=\"sconnect-is-installed\" style=\"display: none;\">2.15.1.0<\/div>\t\t\t\t\t\t\t\t<\/div>\n\t\t\t\t<\/div>\n\t\t\t\t<div class=\"elementor-element elementor-element-24b4c51 elementor-widget elementor-widget-text-editor\" data-id=\"24b4c51\" data-element_type=\"widget\" data-widget_type=\"text-editor.default\">\n\t\t\t\t<div class=\"elementor-widget-container\">\n\t\t\t\t\t\t\t\t\t<ul><li>Espacio Amancay<\/li><li>Farmed<\/li><li>Flexigom<\/li><li>Grupo Casma<\/li><li>Grupo Olmos<\/li><li>Hermida Propiedades<\/li><li>Kraken Restaurante<\/li><li>Lecuna y Asoc.<\/li><li>Marote Publicidad<\/li><li>Maico<\/li><li>Mediadata<\/li><li>Odontech<\/li><li>Starcom Uruguay<\/li><li>T\u00e1ctico<\/li><\/ul><div id=\"sconnect-is-installed\" style=\"display: none;\">2.15.1.0<\/div><div id=\"sconnect-is-installed\" style=\"display: none;\">2.15.1.0<\/div><div id=\"sconnect-is-installed\" style=\"display: none;\">2.15.1.0<\/div><div id=\"sconnect-is-installed\" style=\"display: none;\">2.15.1.0<\/div><div id=\"sconnect-is-installed\" style=\"display: none;\">2.15.1.0<\/div><div id=\"sconnect-is-installed\" style=\"display: none;\">2.15.1.0<\/div><div id=\"sconnect-is-installed\" style=\"display: none;\">2.15.1.0<\/div><div id=\"sconnect-is-installed\" style=\"display: none;\">2.15.1.0<\/div>\t\t\t\t\t\t\t\t<\/div>\n\t\t\t\t<\/div>\n\t\t\t\t<\/div>\n\t\t\t\t\t<\/div>\n\t\t\t\t<\/div>\n\t\t\t\t<\/div>\n\t\t","protected":false},"excerpt":{"rendered":"<p>https:\/\/cyrop.com\/site\/wp-content\/uploads\/2024\/02\/video-home2.mp4 Trabajamos junto a nuestros clientes para brindar en tiempo las soluciones m\u00e1s adecuadas a cada proyecto. 2.15.1.02.15.1.02.15.1.02.15.1.0 Dise\u00f1amos con un enfoque centrado en las personas, buscando optimizar la experiencia del usuario, en un proceso sistem\u00e1tico e iterativo, para dar soluciones creativas con valor a\u00f1adido que sean factibles tecnol\u00f3gicamente y viables financieramente. 2.15.1.0 Identidad Branding [&hellip;]<\/p>\n","protected":false},"author":5,"featured_media":0,"parent":0,"menu_order":0,"comment_status":"closed","ping_status":"closed","template":"elementor_header_footer","meta":{"footnotes":""},"class_list":["post-942","page","type-page","status-publish","hentry"],"_links":{"self":[{"href":"https:\/\/cyrop.com\/index.php?rest_route=\/wp\/v2\/pages\/942","targetHints":{"allow":["GET"]}}],"collection":[{"href":"https:\/\/cyrop.com\/index.php?rest_route=\/wp\/v2\/pages"}],"about":[{"href":"https:\/\/cyrop.com\/index.php?rest_route=\/wp\/v2\/types\/page"}],"author":[{"embeddable":true,"href":"https:\/\/cyrop.com\/index.php?rest_route=\/wp\/v2\/users\/5"}],"replies":[{"embeddable":true,"href":"https:\/\/cyrop.com\/index.php?rest_route=%2Fwp%2Fv2%2Fcomments&post=942"}],"version-history":[{"count":86,"href":"https:\/\/cyrop.com\/index.php?rest_route=\/wp\/v2\/pages\/942\/revisions"}],"predecessor-version":[{"id":1357,"href":"https:\/\/cyrop.com\/index.php?rest_route=\/wp\/v2\/pages\/942\/revisions\/1357"}],"wp:attachment":[{"href":"https:\/\/cyrop.com\/index.php?rest_route=%2Fwp%2Fv2%2Fmedia&parent=942"}],"curies":[{"name":"wp","href":"https:\/\/api.w.org\/{rel}","templated":true}]}}